{"id":11,"date":"2025-12-30T17:56:49","date_gmt":"2025-12-30T17:56:49","guid":{"rendered":"https:\/\/frenchwithrichard.com\/?page_id=11"},"modified":"2026-01-21T14:31:18","modified_gmt":"2026-01-21T14:31:18","slug":"a-propos","status":"publish","type":"page","link":"https:\/\/frenchwithrichard.com\/fr\/a-propos\/","title":{"rendered":"A propos de moi"},"content":{"rendered":"<div class=\"wp-block-cover alignfull is-light\" style=\"padding-top:2%;min-height:658px;aspect-ratio:unset;\"><img loading=\"lazy\" decoding=\"async\" width=\"1024\" height=\"819\" class=\"wp-block-cover__image-background wp-image-403 size-large\" alt=\"\" src=\"https:\/\/frenchwithrichard.com\/wp-content\/uploads\/2026\/01\/Design-1-1024x819.png\" style=\"object-position:50% 38%\" data-object-fit=\"cover\" data-object-position=\"50% 38%\" srcset=\"https:\/\/frenchwithrichard.com\/wp-content\/uploads\/2026\/01\/Design-1-1024x819.png 1024w, https:\/\/frenchwithrichard.com\/wp-content\/uploads\/2026\/01\/Design-1-300x240.png 300w, https:\/\/frenchwithrichard.com\/wp-content\/uploads\/2026\/01\/Design-1-768x614.png 768w, https:\/\/frenchwithrichard.com\/wp-content\/uploads\/2026\/01\/Design-1-1536x1229.png 1536w, https:\/\/frenchwithrichard.com\/wp-content\/uploads\/2026\/01\/Design-1-15x12.png 15w, https:\/\/frenchwithrichard.com\/wp-content\/uploads\/2026\/01\/Design-1.png 2000w\" sizes=\"auto, (max-width: 1024px) 100vw, 1024px\" \/><span aria-hidden=\"true\" class=\"wp-block-cover__background has-background-dim-0 has-background-dim\" style=\"background-color:#b9b2b3\"><\/span><div class=\"wp-block-cover__inner-container has-global-padding is-layout-constrained wp-container-core-cover-is-layout-ee51f2d2 wp-block-cover-is-layout-constrained\">\n<p class=\"has-text-align-center has-large-font-size\"><\/p>\n<\/div><\/div>\n\n\n\n<section class=\"wp-block-group alignfull has-text-color has-global-padding is-layout-constrained wp-container-core-group-is-layout-4252d6ba wp-block-group-is-layout-constrained\" style=\"color:#03081e;margin-top:0px;padding-top:6.51rem;padding-right:1rem;padding-bottom:5.5rem;padding-left:1rem;font-size:clamp(0.875rem, 0.875rem + ((1vw - 0.2rem) * 0.464), 1.13rem);font-style:normal;font-weight:400;line-height:1.4\">\n<div class=\"wp-block-columns is-layout-flex wp-container-core-columns-is-layout-db2df21c wp-block-columns-is-layout-flex\" style=\"margin-bottom:0px\">\n<div class=\"wp-block-column has-global-padding is-layout-constrained wp-block-column-is-layout-constrained\" style=\"flex-basis:45%\">\n<figure class=\"wp-block-image size-large is-resized\"><img loading=\"lazy\" decoding=\"async\" width=\"1024\" height=\"683\" src=\"https:\/\/frenchwithrichard.com\/wp-content\/uploads\/2026\/01\/tim-mossholder-WE_Kv_ZB1l0-unsplash-1-1024x683.jpg\" alt=\"\" class=\"wp-image-341\" style=\"aspect-ratio:1.250357215758318;width:366px;height:auto\" srcset=\"https:\/\/frenchwithrichard.com\/wp-content\/uploads\/2026\/01\/tim-mossholder-WE_Kv_ZB1l0-unsplash-1-1024x683.jpg 1024w, https:\/\/frenchwithrichard.com\/wp-content\/uploads\/2026\/01\/tim-mossholder-WE_Kv_ZB1l0-unsplash-1-300x200.jpg 300w, https:\/\/frenchwithrichard.com\/wp-content\/uploads\/2026\/01\/tim-mossholder-WE_Kv_ZB1l0-unsplash-1-768x512.jpg 768w, https:\/\/frenchwithrichard.com\/wp-content\/uploads\/2026\/01\/tim-mossholder-WE_Kv_ZB1l0-unsplash-1-1536x1024.jpg 1536w, https:\/\/frenchwithrichard.com\/wp-content\/uploads\/2026\/01\/tim-mossholder-WE_Kv_ZB1l0-unsplash-1-2048x1365.jpg 2048w\" sizes=\"auto, (max-width: 1024px) 100vw, 1024px\" \/><\/figure>\n<\/div>\n\n\n\n<div class=\"wp-block-column is-layout-flow wp-block-column-is-layout-flow\">\n<div class=\"wp-block-group is-vertical is-content-justification-left is-layout-flex wp-container-core-group-is-layout-c5d44cae wp-block-group-is-layout-flex\" style=\"min-height:100%\">\n<div class=\"wp-block-group has-global-padding is-content-justification-center is-layout-constrained wp-container-core-group-is-layout-b15c80d6 wp-block-group-is-layout-constrained\">\n<h3 class=\"wp-block-heading has-text-align-left has-text-color\" style=\"color:#07277c;margin-top:0.5rem;margin-bottom:1.01rem;font-size:clamp(1.556rem, 1.556rem + ((1vw - 0.2rem) * 1.916), 2.61rem);font-style:normal;font-weight:500;letter-spacing:0px;line-height:1.3;text-transform:capitalize\">A propos de moi<\/h3>\n\n\n\n<p class=\"has-text-align-left has-text-color\" style=\"color:#03081e;margin-top:0rem;font-size:clamp(0.875rem, 0.875rem + ((1vw - 0.2rem) * 0.609), 1.21rem);font-style:normal;font-weight:400;line-height:1.6\"><br>Ayant v\u00e9cu dans plusieurs pays \u00e0 travers le monde, j\u2019ai pu constater \u00e0 quel point la langue est essentielle lorsqu\u2019on s\u2019installe \u00e0 l\u2019\u00e9tranger. De la commande d\u2019un repas au restaurant aux d\u00e9marches administratives, en passant par une communication efficace en milieu professionnel, les situations du quotidien peuvent vite devenir complexes sans les comp\u00e9tences linguistiques adapt\u00e9es.<\/p>\n\n\n\n<p style=\"line-height:1.6\">Mes cours de fran\u00e7ais sont con\u00e7us pour les \u00e9tudiants et les adultes souhaitant apprendre le fran\u00e7ais dans un but concret \u2014 que ce soit pour \u00e9tudier en France, y travailler, ou tout simplement se sentir \u00e0 l\u2019aise et int\u00e9gr\u00e9(e) dans la vie quotidienne.<\/p>\n\n\n\n<p class=\"has-text-align-left\" style=\"font-size:clamp(0.875rem, 0.875rem + ((1vw - 0.2rem) * 0.609), 1.21rem);line-height:1.6\">Gr\u00e2ce \u00e0 des cours interactifs et personnalis\u00e9s, bas\u00e9s sur des supports authentiques et des retours d\u00e9taill\u00e9s, vous explorerez la langue et la culture fran\u00e7aises tout en d\u00e9veloppant des comp\u00e9tences pratiques et une confiance r\u00e9elle pour la vie quotidienne.<\/p>\n<\/div>\n<\/div>\n<\/div>\n<\/div>\n<\/section>\n\n\n\n<figure class=\"wp-block-image aligncenter size-large is-resized\"><img loading=\"lazy\" decoding=\"async\" width=\"1024\" height=\"576\" src=\"https:\/\/frenchwithrichard.com\/wp-content\/uploads\/2026\/01\/sylvie-meunier-fPp8-PRkJ8A-unsplash-2-1024x576.jpg\" alt=\"\" class=\"wp-image-342\" style=\"width:448px;height:auto\" srcset=\"https:\/\/frenchwithrichard.com\/wp-content\/uploads\/2026\/01\/sylvie-meunier-fPp8-PRkJ8A-unsplash-2-1024x576.jpg 1024w, https:\/\/frenchwithrichard.com\/wp-content\/uploads\/2026\/01\/sylvie-meunier-fPp8-PRkJ8A-unsplash-2-300x169.jpg 300w, https:\/\/frenchwithrichard.com\/wp-content\/uploads\/2026\/01\/sylvie-meunier-fPp8-PRkJ8A-unsplash-2-768x432.jpg 768w, https:\/\/frenchwithrichard.com\/wp-content\/uploads\/2026\/01\/sylvie-meunier-fPp8-PRkJ8A-unsplash-2-1536x864.jpg 1536w, https:\/\/frenchwithrichard.com\/wp-content\/uploads\/2026\/01\/sylvie-meunier-fPp8-PRkJ8A-unsplash-2-2048x1152.jpg 2048w\" sizes=\"auto, (max-width: 1024px) 100vw, 1024px\" \/><\/figure>\n\n\n\n<p><\/p>\n\n\n\n<div class=\"wp-block-group has-global-padding is-content-justification-center is-layout-constrained wp-container-core-group-is-layout-b15c80d6 wp-block-group-is-layout-constrained\">\n<p class=\"has-text-align-left has-text-color translation-block\" style=\"color:#03081e;margin-top:0rem;font-size:clamp(0.875rem, 0.875rem + ((1vw - 0.2rem) * 0.609), 1.21rem);font-style:normal;font-weight:400;line-height:1.6\">Si vous \u00eates un apprenant international souhaitant communiquer pour de vrai \u2014 dans les caf\u00e9s, au travail, avec vos coll\u00e8gues, vos voisins ou les administrations \u2014 et faire de r\u00e9els progr\u00e8s en fran\u00e7ais, vous \u00eates au bon endroit.<\/p>\n\n\n\n<p><\/p>\n\n\n\n<p class=\"has-text-align-center has-text-color\" style=\"color:#03081e;margin-top:0rem;font-size:clamp(0.875rem, 0.875rem + ((1vw - 0.2rem) * 0.609), 1.21rem);font-style:normal;font-weight:400;line-height:1.6\"><strong>Apprenez le fran\u00e7ais dont vous avez vraiment besoin, au quotidien !<\/strong><\/p>\n\n\n\n<div class=\"wp-block-buttons is-horizontal is-content-justification-right is-layout-flex wp-container-core-buttons-is-layout-1b0e492f wp-block-buttons-is-layout-flex\" style=\"margin-top:2.21rem\">\n<div class=\"wp-block-button has-custom-width wp-block-button__width-100 is-style-fill\"><a class=\"wp-block-button__link has-text-color has-background has-border-color has-custom-font-size wp-element-button\" href=\"https:\/\/frenchwithrichard.com\/fr\/contact\/\" style=\"border-color:#041d55;border-style:solid;border-width:1px;border-radius:2.5rem;color:#07277c;background-color:#ffffff;padding-top:1.1rem;padding-right:0.81rem;padding-bottom:1.1rem;padding-left:0.81rem;font-size:clamp(0.875rem, 0.875rem + ((1vw - 0.2rem) * 0.609), 1.21rem);font-style:normal;font-weight:400;line-height:1;text-transform:capitalize\">Me contacter<\/a><\/div>\n<\/div>\n<\/div>\n\n\n\n<p><\/p>","protected":false},"excerpt":{"rendered":"<p>About me I have lived in several countries around the world, which has shown me just how essential language is when living abroad. From ordering a meal at a restaurant to dealing with administrative procedures or communicating effectively in a professional environment, everyday situations can quickly become challenging without the right language skills. My online [&hellip;]<\/p>\n","protected":false},"author":1,"featured_media":0,"parent":0,"menu_order":2,"comment_status":"closed","ping_status":"closed","template":"","meta":{"footnotes":""},"class_list":["post-11","page","type-page","status-publish","hentry"],"_hostinger_reach_plugin_has_subscription_block":false,"_hostinger_reach_plugin_is_elementor":false,"_links":{"self":[{"href":"https:\/\/frenchwithrichard.com\/fr\/wp-json\/wp\/v2\/pages\/11","targetHints":{"allow":["GET"]}}],"collection":[{"href":"https:\/\/frenchwithrichard.com\/fr\/wp-json\/wp\/v2\/pages"}],"about":[{"href":"https:\/\/frenchwithrichard.com\/fr\/wp-json\/wp\/v2\/types\/page"}],"author":[{"embeddable":true,"href":"https:\/\/frenchwithrichard.com\/fr\/wp-json\/wp\/v2\/users\/1"}],"replies":[{"embeddable":true,"href":"https:\/\/frenchwithrichard.com\/fr\/wp-json\/wp\/v2\/comments?post=11"}],"version-history":[{"count":42,"href":"https:\/\/frenchwithrichard.com\/fr\/wp-json\/wp\/v2\/pages\/11\/revisions"}],"predecessor-version":[{"id":420,"href":"https:\/\/frenchwithrichard.com\/fr\/wp-json\/wp\/v2\/pages\/11\/revisions\/420"}],"wp:attachment":[{"href":"https:\/\/frenchwithrichard.com\/fr\/wp-json\/wp\/v2\/media?parent=11"}],"curies":[{"name":"wp","href":"https:\/\/api.w.org\/{rel}","templated":true}]}}